{"id":7,"date":"2025-10-10T04:27:27","date_gmt":"2025-10-10T07:27:27","guid":{"rendered":"https:\/\/institutoimpladente.com.br\/?page_id=7"},"modified":"2025-10-10T04:55:03","modified_gmt":"2025-10-10T07:55:03","slug":"elementor-7","status":"publish","type":"page","link":"https:\/\/institutoimpladente.com.br\/","title":{"rendered":"home"},"content":{"rendered":"\t\t<div data-elementor-type=\"wp-page\" data-elementor-id=\"7\" class=\"elementor elementor-7\">\n\t\t\t\t\t\t\t\t\t<section class=\"elementor-section elementor-top-section elementor-element elementor-element-edb34f7 elementor-section-boxed elementor-section-height-default elementor-section-height-default\" data-id=\"edb34f7\" data-element_type=\"section\">\n\t\t\t\t\t\t<div class=\"elementor-container elementor-column-gap-default\">\n\t\t\t\t\t<div class=\"elementor-column elementor-col-100 elementor-top-column elementor-element elementor-element-58e3609\" data-id=\"58e3609\" data-element_type=\"column\">\n\t\t\t<div class=\"elementor-widget-wrap elementor-element-populated\">\n\t\t\t\t\t\t\t\t<div class=\"elementor-element elementor-element-d99ccc2 elementor-widget elementor-widget-html\" data-id=\"d99ccc2\" data-element_type=\"widget\" data-widget_type=\"html.default\">\n\t\t\t\t<div class=\"elementor-widget-container\">\n\t\t\t<!DOCTYPE html>\r\n<html lang=\"pt-BR\">\r\n<head>\r\n    <meta charset=\"UTF-8\">\r\n    <meta name=\"viewport\" content=\"width=device-width, initial-scale=1.0\">\r\n    <title>Instituto Impladente<\/title>\r\n    <script src=\"https:\/\/cdn.tailwindcss.com\"><\/script>\r\n    <link rel=\"preconnect\" href=\"https:\/\/fonts.googleapis.com\">\r\n    <link rel=\"preconnect\" href=\"https:\/\/fonts.gstatic.com\" crossorigin>\r\n    <link href=\"https:\/\/fonts.googleapis.com\/css2?family=Poppins:wght@400;500;600;700&display=swap\" rel=\"stylesheet\">\r\n    <style>\r\n        body {\r\n            font-family: 'Poppins', sans-serif;\r\n        }\r\n        .hero-bg {\r\n            background-image: linear-gradient(rgba(45, 45, 45, 0.8), rgba(45, 45, 45, 0.8)), url('https:\/\/images.unsplash.com\/photo-1579503493498-73a4b9c4c795?q=80&w=2070&auto=format&fit=crop');\r\n            background-size: cover;\r\n            background-position: center;\r\n        }\r\n        .brand-teal { color: #57a99a; }\r\n        .bg-brand-teal { background-color: #57a99a; }\r\n        .border-brand-teal { border-color: #57a99a; }\r\n        .hover\\:bg-brand-teal-dark:hover { background-color: #4a9184; }\r\n    <\/style>\r\n<\/head>\r\n<body class=\"bg-gray-50 text-gray-800\">\r\n\r\n    <!-- Floating WhatsApp Button -->\r\n    <a href=\"#\" class=\"fixed bottom-5 right-5 z-50 bg-green-500 text-white p-4 rounded-full shadow-lg hover:bg-green-600 transition-transform transform hover:scale-110\">\r\n        <svg xmlns=\"http:\/\/www.w3.org\/2000\/svg\" class=\"h-8 w-8\" viewBox=\"0 0 24 24\" fill=\"currentColor\">\r\n            <path d=\"M.057 24l1.687-6.163c-1.041-1.804-1.588-3.849-1.587-5.946.003-6.556 5.338-11.891 11.893-11.891 3.181.001 6.167 1.24 8.413 3.488 2.245 2.248 3.481 5.236 3.48 8.414-.003 6.557-5.338 11.892-11.894 11.892-1.99-.001-3.951-.5-5.688-1.448l-6.305 1.654zm6.597-3.807c1.676.995 3.276 1.591 5.392 1.592 5.448 0 9.886-4.434 9.889-9.885.002-5.462-4.415-9.89-9.881-9.892-5.452 0-9.887 4.434-9.889 9.886-.001 2.269.655 4.357 1.846 6.082l-.344 1.245 1.254-.326zM12 4.012c4.957 0 8.986 4.029 8.988 8.987.001 4.966-4.004 9.002-8.981 9.004-1.838 0-3.593-.566-5.048-1.599l-3.532.922.94-3.411c-1.096-1.543-1.74-3.39-1.738-5.34.002-4.958 4.03-8.987 8.988-8.987zM8.331 7.371c-.22-.489-.452-.5-1.085-.506-.522.002-1.042.235-1.41.572-.416.38-.908.878-.908 2.053 0 1.023.36 1.901.832 2.658.423.674 1.644 2.45 3.93 3.514 2.585 1.159 3.465 1.054 4.385.733.802-.28 1.416-.921 1.637-1.802.22-.882.22-1.637.147-1.803-.073-.165-.29-.26-.602-.404-.312-.143-1.835-.908-2.12-.99-.285-.082-.49-.123-.695.123-.205.246-.8.99-.98 1.191-.18.201-.36.221-.662.083s-1.352-.5-2.576-1.595c-.958-.85-1.6-1.898-1.782-2.222-.182-.324-.01-..5, .11-.648s.246-.285.368-.428c.122-.142.163-.246.246-.409s.041-.285-.021-.527c-.062-.242-.695-1.676-.947-2.265z\"\/>\r\n        <\/svg>\r\n    <\/a>\r\n\r\n    <!-- Header -->\r\n    <header class=\"bg-white shadow-md sticky top-0 z-40\">\r\n        <div class=\"container mx-auto px-6 py-4 flex justify-between items-center\">\r\n            <div class=\"text-xl font-bold brand-teal\">\r\n                Instituto Impladente\r\n            <\/div>\r\n            <nav class=\"hidden md:flex space-x-8\">\r\n                <a href=\"#\" class=\"text-gray-600 hover:brand-teal\">Home<\/a>\r\n                <a href=\"#\" class=\"text-gray-600 hover:brand-teal\">Tratamentos<\/a>\r\n                <a href=\"#\" class=\"text-gray-600 hover:brand-teal\">Sobre N\u00f3s<\/a>\r\n                <a href=\"#\" class=\"text-gray-600 hover:brand-teal\">Contato<\/a>\r\n            <\/nav>\r\n            <button class=\"md:hidden\">\r\n                <svg xmlns=\"http:\/\/www.w3.org\/2000\/svg\" class=\"h-6 w-6\" fill=\"none\" viewBox=\"0 0 24 24\" stroke=\"currentColor\">\r\n                    <path stroke-linecap=\"round\" stroke-linejoin=\"round\" stroke-width=\"2\" d=\"M4 6h16M4 12h16m-7 6h7\" \/>\r\n                <\/svg>\r\n            <\/button>\r\n        <\/div>\r\n    <\/header>\r\n\r\n    <main>\r\n        <!-- Hero Section -->\r\n        <section class=\"hero-bg text-white\">\r\n            <div class=\"container mx-auto px-6 py-24 md:py-32 flex items-center\">\r\n                <div class=\"w-full md:w-1\/2\">\r\n                    <h1 class=\"text-4xl md:text-6xl font-bold leading-tight mb-4\">At\u00e9 quando voc\u00ea vai adiar o seu sonho?<\/h1>\r\n                    <p class=\"text-xl mb-8\">Recupere a sua autoestima com o Instituto Impladente<\/p>\r\n                    <ul class=\"space-y-3 mb-8\">\r\n                        <li class=\"flex items-center\">\r\n                            <svg xmlns=\"http:\/\/www.w3.org\/2000\/svg\" class=\"h-6 w-6 mr-2 text-green-400\" viewBox=\"0 0 20 20\" fill=\"currentColor\">\r\n                                <path fill-rule=\"evenodd\" d=\"M10 18a8 8 0 100-16 8 8 0 000 16zm3.707-9.293a1 1 0 00-1.414-1.414L9 10.586 7.707 9.293a1 1 0 00-1.414 1.414l2 2a1 1 0 001.414 0l4-4z\" clip-rule=\"evenodd\" \/>\r\n                            <\/svg>\r\n                            Pr\u00f3tese Protocolo\r\n                        <\/li>\r\n                        <li class=\"flex items-center\">\r\n                            <svg xmlns=\"http:\/\/www.w3.org\/2000\/svg\" class=\"h-6 w-6 mr-2 text-green-400\" viewBox=\"0 0 20 20\" fill=\"currentColor\">\r\n                                <path fill-rule=\"evenodd\" d=\"M10 18a8 8 0 100-16 8 8 0 000 16zm3.707-9.293a1 1 0 00-1.414-1.414L9 10.586 7.707 9.293a1 1 0 00-1.414 1.414l2 2a1 1 0 001.414 0l4-4z\" clip-rule=\"evenodd\" \/>\r\n                            <\/svg>\r\n                            Harmoniza\u00e7\u00e3o Facial\r\n                        <\/li>\r\n                         <li class=\"flex items-center\">\r\n                            <svg xmlns=\"http:\/\/www.w3.org\/2000\/svg\" class=\"h-6 w-6 mr-2 text-green-400\" viewBox=\"0 0 20 20\" fill=\"currentColor\">\r\n                                <path fill-rule=\"evenodd\" d=\"M10 18a8 8 0 100-16 8 8 0 000 16zm3.707-9.293a1 1 0 00-1.414-1.414L9 10.586 7.707 9.293a1 1 0 00-1.414 1.414l2 2a1 1 0 001.414 0l4-4z\" clip-rule=\"evenodd\" \/>\r\n                            <\/svg>\r\n                            Implante Dent\u00e1rio\r\n                        <\/li>\r\n                    <\/ul>\r\n                    <a href=\"#\" class=\"bg-brand-teal text-white font-bold py-3 px-8 rounded-lg text-lg hover:bg-brand-teal-dark transition duration-300\">\r\n                        Entre em contato\r\n                    <\/a>\r\n                <\/div>\r\n            <\/div>\r\n        <\/section>\r\n\r\n        <!-- Services Section -->\r\n        <section class=\"py-20\">\r\n            <div class=\"container mx-auto px-6\">\r\n                <div class=\"grid grid-cols-1 md:grid-cols-3 gap-12\">\r\n                    <!-- Service Card 1 -->\r\n                    <div class=\"bg-white p-8 rounded-lg shadow-lg text-center\">\r\n                        <img decoding=\"async\" src=\"https:\/\/placehold.co\/150x150\/E2E8F0\/64748B?text=Pr\u00f3tese\" alt=\"Pr\u00f3tese Protocolo\" class=\"mx-auto mb-6 rounded-full\">\r\n                        <h3 class=\"text-2xl font-bold mb-4\">Pr\u00f3tese Protocolo<\/h3>\r\n                        <p class=\"text-gray-600 mb-6\">Ou dentadura fixa \u00e9 uma solu\u00e7\u00e3o moderna e segura para voc\u00ea que j\u00e1 perdeu os dentes que usa ou n\u00e3o dentadura.<\/p>\r\n                        <a href=\"#\" class=\"bg-brand-teal text-white font-bold py-2 px-6 rounded-lg hover:bg-brand-teal-dark transition duration-300\">\r\n                            Mais informa\u00e7\u00f5es\r\n                        <\/a>\r\n                    <\/div>\r\n                    <!-- Service Card 2 -->\r\n                    <div class=\"bg-white p-8 rounded-lg shadow-lg text-center\">\r\n                        <img decoding=\"async\" src=\"https:\/\/placehold.co\/150x150\/E2E8F0\/64748B?text=Harmoniza\u00e7\u00e3o\" alt=\"Harmoniza\u00e7\u00e3o Facial\" class=\"mx-auto mb-6 rounded-full\">\r\n                        <h3 class=\"text-2xl font-bold mb-4\">Harmoniza\u00e7\u00e3o Facial<\/h3>\r\n                        <p class=\"text-gray-600 mb-6\">Um rosto harm\u00f4nico e sim\u00e9trico atrav\u00e9s da Harmoniza\u00e7\u00e3o Oro Facial, ideal para voc\u00ea que busca rejuvenescer sua apar\u00eancia.<\/p>\r\n                        <a href=\"#\" class=\"bg-brand-teal text-white font-bold py-2 px-6 rounded-lg hover:bg-brand-teal-dark transition duration-300\">\r\n                            Mais informa\u00e7\u00f5es\r\n                        <\/a>\r\n                    <\/div>\r\n                    <!-- Service Card 3 -->\r\n                    <div class=\"bg-white p-8 rounded-lg shadow-lg text-center\">\r\n                         <img decoding=\"async\" src=\"https:\/\/placehold.co\/150x150\/E2E8F0\/64748B?text=Implantes\" alt=\"Implantes Dent\u00e1rios\" class=\"mx-auto mb-6 rounded-full\">\r\n                        <h3 class=\"text-2xl font-bold mb-4\">Implantes dent\u00e1rios<\/h3>\r\n                        <p class=\"text-gray-600 mb-6\">Pra voc\u00ea que perdeu um ou poucos dentes, ele \u00e9 a melhor op\u00e7\u00e3o! \u00c9 uma op\u00e7\u00e3o r\u00e1pida e f\u00e1cil!<\/p>\r\n                        <a href=\"#\" class=\"bg-brand-teal text-white font-bold py-2 px-6 rounded-lg hover:bg-brand-teal-dark transition duration-300\">\r\n                            Mais informa\u00e7\u00f5es\r\n                        <\/a>\r\n                    <\/div>\r\n                <\/div>\r\n            <\/div>\r\n        <\/section>\r\n\r\n        <!-- About Section -->\r\n        <section class=\"bg-brand-teal text-white py-20\">\r\n            <div class=\"container mx-auto px-6 flex flex-col md:flex-row items-center gap-12\">\r\n                <div class=\"md:w-1\/2\">\r\n                    <h2 class=\"text-4xl font-bold mb-4\">Conhe\u00e7a o Instituto Impladente<\/h2>\r\n                    <p class=\"mb-4\">Somos refer\u00eancia em tratamentos odontol\u00f3gicos, oferecendo atendimento humanizado e qualidade nos servi\u00e7os. Contamos com uma equipe qualificada e preparada para prestar o melhor tratamento aos nossos pacientes.<\/p>\r\n                    <p>Possu\u00edmos equipamentos que ajudem agilizam o diagn\u00f3stico, te proporcionando ainda mais conforto e estabilidade.<\/p>\r\n                <\/div>\r\n                <div class=\"md:w-1\/2\">\r\n                    <img decoding=\"async\" src=\"https:\/\/placehold.co\/600x400\/FFFFFF\/333333?text=Nossa+Equipe\" alt=\"Equipe do Instituto Impladente\" class=\"rounded-lg shadow-lg w-full\">\r\n                <\/div>\r\n            <\/div>\r\n        <\/section>\r\n\r\n        <!-- Features Section -->\r\n        <section class=\"py-20\">\r\n            <div class=\"container mx-auto px-6 space-y-20\">\r\n                <!-- Feature 1 -->\r\n                <div class=\"flex flex-col md:flex-row items-center gap-12\">\r\n                    <div class=\"md:w-1\/2\">\r\n                        <h2 class=\"text-3xl font-bold mb-4 brand-teal\">D\u00f3i fazer o Procedimento de Implante Dent\u00e1rio?<\/h2>\r\n                        <p class=\"text-gray-600 mb-4\">N\u00c3O! Ao contr\u00e1rio do que todo mundo Pensa, no Procedimento de Implante a Dor \u00e9 quase inexistente. Al\u00e9m disso, o Implante Dent\u00e1rio aqui na cl\u00ednica Un\u00ea \u00e9 realizado com a mais alta tecnologia, diminuindo muito o tempo total da cicatriza\u00e7\u00e3o.<\/p>\r\n                        <p class=\"text-gray-600\">N\u00c3O precisa ter medo de sentir dor! Os implantes s\u00e3o aplicados com o paciente sob anestesia. Depois de passada a cirurgia, s\u00e3o prescritos rem\u00e9dios para evitar dores e incha\u00e7o, e tamb\u00e9m para evitar poss\u00edveis infe\u00e7\u00f5es.<\/p>\r\n                    <\/div>\r\n                    <div class=\"md:w-1\/2\">\r\n                        <img decoding=\"async\" src=\"https:\/\/placehold.co\/500x350\/E2E8F0\/64748B?text=Procedimento+de+Implante\" alt=\"Procedimento de Implante Dent\u00e1rio\" class=\"rounded-lg shadow-lg w-full\">\r\n                    <\/div>\r\n                <\/div>\r\n                 <!-- Feature 2 -->\r\n                <div class=\"flex flex-col md:flex-row-reverse items-center gap-12\">\r\n                    <div class=\"md:w-1\/2\">\r\n                        <p class=\"font-bold text-gray-500 tracking-widest mb-2\">HARMONIZA\u00c7\u00c3O FACIAL<\/p>\r\n                        <h2 class=\"text-3xl font-bold mb-4 brand-teal\">Tenha o seu rosto lisinho!<\/h2>\r\n                        <p class=\"text-gray-600 mb-4\">Voc\u00ea se incomoda com essas ruguinhas que se formam quando voc\u00ea se expressa? Ao levantar as sobrancelhas, ao fazer um esfor\u00e7o pra ler e aquela ruga da glabela aparece?<\/p>\r\n                        <p class=\"text-gray-600\">Isso n\u00e3o precisa mais te incomodar, com o Tratamento eficiente n\u00f3s conseguimos minimizar as rugas e aquelas linhas de express\u00e3o que tanto de incomodam!<\/p>\r\n                    <\/div>\r\n                    <div class=\"md:w-1\/2\">\r\n                        <img decoding=\"async\" src=\"https:\/\/placehold.co\/500x350\/E2E8F0\/64748B?text=Procedimento+Facial\" alt=\"Procedimento de Harmoniza\u00e7\u00e3o Facial\" class=\"rounded-lg shadow-lg w-full\">\r\n                    <\/div>\r\n                <\/div>\r\n            <\/div>\r\n        <\/section>\r\n\r\n        <!-- Contact Section -->\r\n        <section class=\"bg-brand-teal text-white py-20\">\r\n            <div class=\"container mx-auto px-6 flex flex-col md:flex-row gap-12\">\r\n                <div class=\"md:w-1\/2\">\r\n                    <h2 class=\"text-3xl font-bold mb-6\">Entre em contato atrav\u00e9s dos canais abaixo:<\/h2>\r\n                    <div class=\"space-y-4\">\r\n                        <p class=\"flex items-center text-lg\">\r\n                             <svg xmlns=\"http:\/\/www.w3.org\/2000\/svg\" class=\"h-6 w-6 mr-3\" fill=\"none\" viewBox=\"0 0 24 24\" stroke=\"currentColor\" stroke-width=\"2\">\r\n                                <path stroke-linecap=\"round\" stroke-linejoin=\"round\" d=\"M3 5a2 2 0 012-2h3.28a1 1 0 01.948.684l1.498 4.493a1 1 0 01-.502 1.21l-2.257 1.13a11.042 11.042 0 005.516 5.516l1.13-2.257a1 1 0 011.21-.502l4.493 1.498a1 1 0 01.684.949V19a2 2 0 01-2 2h-1C9.716 21 3 14.284 3 6V5z\" \/>\r\n                            <\/svg>\r\n                            65 99919-9113\r\n                        <\/p>\r\n                        <p class=\"flex items-center text-lg\">\r\n                            <svg xmlns=\"http:\/\/www.w3.org\/2000\/svg\" class=\"h-6 w-6 mr-3\" viewBox=\"0 0 24 24\" fill=\"currentColor\"><path d=\"M12 2.163c3.204 0 3.584.012 4.85.07 3.252.148 4.771 1.691 4.919 4.919.058 1.265.069 1.645.069 4.85s-.011 3.585-.069 4.85c-.149 3.225-1.664 4.771-4.919 4.919-1.266.058-1.644.07-4.85.07s-3.585-.012-4.85-.07c-3.252-.148-4.771-1.691-4.919-4.919-.058-1.265-.069-1.645-.069-4.85s.011-3.585.069-4.85c.149-3.225 1.664-4.771 4.919-4.919C8.415 2.175 8.796 2.163 12 2.163m0-2.163C8.74 0 8.333.011 7.053.069 2.59.222.222 2.59.069 7.053.011 8.333 0 8.74 0 12s.011 3.667.069 4.947c.153 4.46 2.52 6.828 7.004 6.981C8.333 23.989 8.74 24 12 24s3.667-.011 4.947-.069c4.484-.153 6.851-2.521 7.004-6.981.058-1.28.069-1.687.069-4.947s-.011-3.667-.069-4.947C21.778 2.59 19.41 2.22 14.947.069 13.667.011 13.26 0 12 0zm0 5.838a6.162 6.162 0 100 12.324 6.162 6.162 0 000-12.324zM12 16a4 4 0 110-8 4 4 0 010 8zm6.406-11.845a1.44 1.44 0 100 2.88 1.44 1.44 0 000-2.88z\"\/><\/svg>\r\n                            institutooimpladente\r\n                        <\/p>\r\n                        <p class=\"flex items-start text-lg\">\r\n                           <svg xmlns=\"http:\/\/www.w3.org\/2000\/svg\" class=\"h-6 w-6 mr-3 mt-1 flex-shrink-0\" fill=\"none\" viewBox=\"0 0 24 24\" stroke=\"currentColor\" stroke-width=\"2\">\r\n                              <path stroke-linecap=\"round\" stroke-linejoin=\"round\" d=\"M17.657 16.657L13.414 20.9a1.998 1.998 0 01-2.827 0l-4.244-4.243a8 8 0 1111.314 0z\" \/>\r\n                              <path stroke-linecap=\"round\" stroke-linejoin=\"round\" d=\"M15 11a3 3 0 11-6 0 3 3 0 016 0z\" \/>\r\n                            <\/svg>\r\n                           R. das Violetas, 341 - Jardim Cuiaba, Cuiab\u00e1 - MT, 78043-142\r\n                        <\/p>\r\n                    <\/div>\r\n                <\/div>\r\n                <div class=\"md:w-1\/2\">\r\n                    <form class=\"space-y-4\">\r\n                        <div>\r\n                            <input type=\"email\" placeholder=\"Digite aqui seu e-mail...\" class=\"w-full p-3 rounded-lg text-gray-800 focus:outline-none focus:ring-2 focus:ring-white\">\r\n                        <\/div>\r\n                        <div>\r\n                             <input type=\"text\" placeholder=\"Digite aqui seu whatsapp...\" class=\"w-full p-3 rounded-lg text-gray-800 focus:outline-none focus:ring-2 focus:ring-white\">\r\n                        <\/div>\r\n                        <button type=\"submit\" class=\"w-full bg-blue-600 text-white font-bold py-3 px-6 rounded-lg hover:bg-blue-700 transition duration-300\">\r\n                            Concluir cadastro e receber contato!\r\n                        <\/button>\r\n                    <\/form>\r\n                <\/div>\r\n            <\/div>\r\n        <\/section>\r\n    <\/main>\r\n\r\n    <!-- Footer -->\r\n    <footer class=\"bg-white text-gray-600\">\r\n        <div class=\"container mx-auto px-6 py-12\">\r\n            <div class=\"grid grid-cols-1 md:grid-cols-4 gap-8\">\r\n                <div>\r\n                    <h4 class=\"text-xl font-bold brand-teal mb-4\">Instituto Impladente<\/h4>\r\n                <\/div>\r\n                <div>\r\n                    <h4 class=\"font-bold text-gray-800 mb-4\">Contato:<\/h4>\r\n                    <p class=\"mb-2\">65 99919-9113<\/p>\r\n                    <p>institutooimpladente<\/p>\r\n                <\/div>\r\n                 <div>\r\n                    <h4 class=\"font-bold text-gray-800 mb-4\">Endere\u00e7o:<\/h4>\r\n                    <p>R. das Violetas, 341 - Jardim Cuiaba, Cuiab\u00e1 - MT, 78043-142<\/p>\r\n                <\/div>\r\n                <div>\r\n                    <h4 class=\"font-bold text-gray-800 mb-4\">Menu:<\/h4>\r\n                    <a href=\"#\" class=\"block mb-2 hover:brand-teal\">Home<\/a>\r\n                    <a href=\"#\" class=\"block mb-2 hover:brand-teal\">Tratamentos<\/a>\r\n                    <a href=\"#\" class=\"block mb-2 hover:brand-teal\">Sobre N\u00f3s<\/a>\r\n                    <a href=\"#\" class=\"block hover:brand-teal\">Contato<\/a>\r\n                <\/div>\r\n            <\/div>\r\n        <\/div>\r\n        <div class=\"bg-gray-100 py-4\">\r\n            <div class=\"container mx-auto px-6 text-center text-gray-500 text-sm\">\r\n                <p>Todos os direitos reservados \u00a9 2024<\/p>\r\n                <!-- INFORMA\u00c7\u00c3O CR\u00cdTICA PARA VERIFICA\u00c7\u00c3O -->\r\n                <p class=\"font-bold mt-1\">Escola Marquardt LTDA - 53.734.329\/0001-42<\/p>\r\n            <\/div>\r\n        <\/div>\r\n    <\/footer>\r\n\r\n<\/body>\r\n<\/html>\r\n\t\t<\/div>\n\t\t\t\t<\/div>\n\t\t\t\t\t<\/div>\n\t\t<\/div>\n\t\t\t\t\t\t\t<\/div>\n\t\t<\/section>\n\t\t\t\t\t\t\t<\/div>\n\t\t","protected":false},"excerpt":{"rendered":"<p>Instituto Impladente Instituto Impladente Home Tratamentos Sobre N\u00f3s Contato At\u00e9 quando voc\u00ea vai adiar o seu sonho? Recupere a sua autoestima com o Instituto Impladente Pr\u00f3tese Protocolo Harmoniza\u00e7\u00e3o Facial Implante Dent\u00e1rio Entre em contato Pr\u00f3tese Protocolo Ou dentadura fixa \u00e9 uma solu\u00e7\u00e3o moderna e segura para voc\u00ea que j\u00e1 perdeu os dentes que usa ou [&hellip;]<\/p>\n","protected":false},"author":2,"featured_media":0,"parent":0,"menu_order":0,"comment_status":"closed","ping_status":"closed","template":"elementor_canvas","meta":[],"_links":{"self":[{"href":"https:\/\/institutoimpladente.com.br\/index.php?rest_route=\/wp\/v2\/pages\/7"}],"collection":[{"href":"https:\/\/institutoimpladente.com.br\/index.php?rest_route=\/wp\/v2\/pages"}],"about":[{"href":"https:\/\/institutoimpladente.com.br\/index.php?rest_route=\/wp\/v2\/types\/page"}],"author":[{"embeddable":true,"href":"https:\/\/institutoimpladente.com.br\/index.php?rest_route=\/wp\/v2\/users\/2"}],"replies":[{"embeddable":true,"href":"https:\/\/institutoimpladente.com.br\/index.php?rest_route=%2Fwp%2Fv2%2Fcomments&post=7"}],"version-history":[{"count":13,"href":"https:\/\/institutoimpladente.com.br\/index.php?rest_route=\/wp\/v2\/pages\/7\/revisions"}],"predecessor-version":[{"id":27,"href":"https:\/\/institutoimpladente.com.br\/index.php?rest_route=\/wp\/v2\/pages\/7\/revisions\/27"}],"wp:attachment":[{"href":"https:\/\/institutoimpladente.com.br\/index.php?rest_route=%2Fwp%2Fv2%2Fmedia&parent=7"}],"curies":[{"name":"wp","href":"https:\/\/api.w.org\/{rel}","templated":true}]}}